{"id":2,"date":"2018-02-20T17:46:35","date_gmt":"2018-02-20T17:46:35","guid":{"rendered":"http:\/\/wp-4.9.3.autoinstalator.eu\/?page_id=2"},"modified":"2019-10-28T19:10:45","modified_gmt":"2019-10-28T18:10:45","slug":"przykladowa-strona","status":"publish","type":"page","link":"https:\/\/annapisze.art\/?page_id=2","title":{"rendered":"copyright"},"content":{"rendered":"<p>&nbsp;<\/p>\n<p><img loading=\"lazy\" decoding=\"async\" class=\"alignleft size-medium wp-image-1410\" src=\"https:\/\/annapisze.art\/wp-content\/uploads\/2019\/03\/100_0367-242x300.jpg\" alt=\"\" width=\"242\" height=\"300\" srcset=\"https:\/\/annapisze.art\/wp-content\/uploads\/2019\/03\/100_0367-242x300.jpg 242w, https:\/\/annapisze.art\/wp-content\/uploads\/2019\/03\/100_0367-768x950.jpg 768w, https:\/\/annapisze.art\/wp-content\/uploads\/2019\/03\/100_0367-828x1024.jpg 828w, https:\/\/annapisze.art\/wp-content\/uploads\/2019\/03\/100_0367.jpg 1674w\" sizes=\"auto, (max-width: 242px) 100vw, 242px\" \/><\/p>\n<p>&nbsp;<\/p>\n<p style=\"text-align: center;\">Wszystkie publikowane na tym blogu teksty s\u0105 mojego autorstwa.<\/p>\n<p style=\"text-align: center;\">Kopiowanie ich oraz wykorzystywanie bez mojej zgody to naruszenie i \u0142amanie praw autorskich zabronione prawem.<\/p>\n<p style=\"text-align: center;\">Dotyczy to r\u00f3wnie\u017c fotografii, kt\u00f3re s\u0105 wykonane przeze mnie.<\/p>\n<p style=\"text-align: center;\">Anna Zadro\u017cna<\/p>\n<div class=\"fcbkbttn_buttons_block\" id=\"fcbkbttn_middle\"><div class=\"fcbkbttn_like \"><fb:like href=\"https:\/\/annapisze.art\/?page_id=2\" action=\"like\" colorscheme=\"light\" layout=\"box_count\"  size=\"small\"><\/fb:like><\/div><div class=\"fb-share-button  \" data-href=\"https:\/\/annapisze.art\/?page_id=2\" data-type=\"button_count\" data-size=\"small\"><\/div><\/div>","protected":false},"excerpt":{"rendered":"<p>&nbsp; &nbsp; Wszystkie publikowane na tym blogu teksty s\u0105 mojego autorstwa. Kopiowanie ich oraz wykorzystywanie bez mojej zgody to naruszenie i \u0142amanie praw autorskich zabronione prawem. Dotyczy to r\u00f3wnie\u017c fotografii, kt\u00f3re s\u0105 wykonane przeze mnie. Anna Zadro\u017cna<\/p>\n","protected":false},"author":1,"featured_media":0,"parent":0,"menu_order":0,"comment_status":"closed","ping_status":"open","template":"","meta":{"footnotes":""},"class_list":["post-2","page","type-page","status-publish","hentry"],"_links":{"self":[{"href":"https:\/\/annapisze.art\/index.php?rest_route=\/wp\/v2\/pages\/2","targetHints":{"allow":["GET"]}}],"collection":[{"href":"https:\/\/annapisze.art\/index.php?rest_route=\/wp\/v2\/pages"}],"about":[{"href":"https:\/\/annapisze.art\/index.php?rest_route=\/wp\/v2\/types\/page"}],"author":[{"embeddable":true,"href":"https:\/\/annapisze.art\/index.php?rest_route=\/wp\/v2\/users\/1"}],"replies":[{"embeddable":true,"href":"https:\/\/annapisze.art\/index.php?rest_route=%2Fwp%2Fv2%2Fcomments&post=2"}],"version-history":[{"count":3,"href":"https:\/\/annapisze.art\/index.php?rest_route=\/wp\/v2\/pages\/2\/revisions"}],"predecessor-version":[{"id":2099,"href":"https:\/\/annapisze.art\/index.php?rest_route=\/wp\/v2\/pages\/2\/revisions\/2099"}],"wp:attachment":[{"href":"https:\/\/annapisze.art\/index.php?rest_route=%2Fwp%2Fv2%2Fmedia&parent=2"}],"curies":[{"name":"wp","href":"https:\/\/api.w.org\/{rel}","templated":true}]}}